{"id":1334,"date":"2024-10-29T16:01:07","date_gmt":"2024-10-29T19:01:07","guid":{"rendered":"https:\/\/salvadorboatshow.com.br\/?page_id=1334"},"modified":"2025-10-15T14:32:04","modified_gmt":"2025-10-15T17:32:04","slug":"test-drive","status":"publish","type":"page","link":"https:\/\/salvadorboatshow.com.br\/test-drive\/","title":{"rendered":"Test Drive"},"content":{"rendered":"\t\t<div data-elementor-type=\"wp-page\" data-elementor-id=\"1334\" class=\"elementor elementor-1334\" data-elementor-post-type=\"page\">\n\t\t\t\t<div data-particle_enable=\"false\" data-particle-mobile-disabled=\"false\" class=\"elementor-element elementor-element-64fd112 e-con-full e-flex wpr-particle-no wpr-jarallax-no wpr-parallax-no wpr-sticky-section-no e-con e-parent\" data-id=\"64fd112\" data-element_type=\"container\" data-e-type=\"container\">\n\t\t\t\t<div class=\"elementor-element elementor-element-6d5630c elementor-widget elementor-widget-image\" data-id=\"6d5630c\" data-element_type=\"widget\" data-e-type=\"widget\" data-widget_type=\"image.default\">\n\t\t\t\t<div class=\"elementor-widget-container\">\n\t\t\t\t\t\t\t\t\t\t\t\t\t\t\t<img fetchpriority=\"high\" decoding=\"async\" width=\"1280\" height=\"535\" src=\"https:\/\/salvadorboatshow.com.br\/wp-content\/uploads\/2024\/10\/imagem.png\" class=\"attachment-full size-full wp-image-1336\" alt=\"\" srcset=\"https:\/\/salvadorboatshow.com.br\/wp-content\/uploads\/2024\/10\/imagem.png 1280w, https:\/\/salvadorboatshow.com.br\/wp-content\/uploads\/2024\/10\/imagem-300x125.png 300w, https:\/\/salvadorboatshow.com.br\/wp-content\/uploads\/2024\/10\/imagem-1024x428.png 1024w, https:\/\/salvadorboatshow.com.br\/wp-content\/uploads\/2024\/10\/imagem-768x321.png 768w\" sizes=\"(max-width: 1280px) 100vw, 1280px\" \/>\t\t\t\t\t\t\t\t\t\t\t\t\t\t\t<\/div>\n\t\t\t\t<\/div>\n\t\t\t\t<\/div>\n\t\t<div data-particle_enable=\"false\" data-particle-mobile-disabled=\"false\" class=\"elementor-element elementor-element-edfa8fd e-con-full e-flex wpr-particle-no wpr-jarallax-no wpr-parallax-no wpr-sticky-section-no e-con e-parent\" data-id=\"edfa8fd\" data-element_type=\"container\" data-e-type=\"container\" data-settings=\"{&quot;background_background&quot;:&quot;classic&quot;}\">\n\t\t<div data-particle_enable=\"false\" data-particle-mobile-disabled=\"false\" class=\"elementor-element elementor-element-6e5b2f1 e-flex e-con-boxed wpr-particle-no wpr-jarallax-no wpr-parallax-no wpr-sticky-section-no e-con e-child\" data-id=\"6e5b2f1\" data-element_type=\"container\" data-e-type=\"container\">\n\t\t\t\t\t<div class=\"e-con-inner\">\n\t\t<div data-particle_enable=\"false\" data-particle-mobile-disabled=\"false\" class=\"elementor-element elementor-element-6c426fa e-con-full e-flex wpr-particle-no wpr-jarallax-no wpr-parallax-no wpr-sticky-section-no e-con e-child\" data-id=\"6c426fa\" data-element_type=\"container\" data-e-type=\"container\" data-settings=\"{&quot;background_background&quot;:&quot;classic&quot;}\">\n\t\t\t\t<div class=\"elementor-element elementor-element-40c2718 elementor-widget elementor-widget-heading\" data-id=\"40c2718\" data-element_type=\"widget\" data-e-type=\"widget\" data-widget_type=\"heading.default\">\n\t\t\t\t<div class=\"elementor-widget-container\">\n\t\t\t\t\t<h2 class=\"elementor-heading-title elementor-size-default\"><b>Viva a Experi\u00eancia: <\/b>Test Drive<br>no Salvador Boat Show 2025<\/h2>\t\t\t\t<\/div>\n\t\t\t\t<\/div>\n\t\t\t\t<div class=\"elementor-element elementor-element-bafce51 elementor-widget elementor-widget-text-editor\" data-id=\"bafce51\" data-element_type=\"widget\" data-e-type=\"widget\" data-widget_type=\"text-editor.default\">\n\t\t\t\t<div class=\"elementor-widget-container\">\n\t\t\t\t\t\t\t\t\t<p>No <b>Salvador Boat Show 2025<\/b>, voc\u00ea ter\u00e1 a chance de testar as mais recentes inova\u00e7\u00f5es do mercado n\u00e1utico diretamente na Ba\u00eda de Todos-os-Santos. Realize o test drive dos seus sonhos e experimente em primeira m\u00e3o o desempenho das embarca\u00e7\u00f5es mais modernas. N\u00e3o h\u00e1 melhor forma de escolher sua pr\u00f3xima embarca\u00e7\u00e3o do que vivenciando-a na pr\u00e1tica!<\/p>\t\t\t\t\t\t\t\t<\/div>\n\t\t\t\t<\/div>\n\t\t\t\t<div class=\"elementor-element elementor-element-a22b871 elementor-widget elementor-widget-text-editor\" data-id=\"a22b871\" data-element_type=\"widget\" data-e-type=\"widget\" data-widget_type=\"text-editor.default\">\n\t\t\t\t<div class=\"elementor-widget-container\">\n\t\t\t\t\t\t\t\t\t<p>*Aten\u00e7\u00e3o: A realiza\u00e7\u00e3o de cada test drive \u00e9 de responsabilidade exclusiva dos expositores. Consulte diretamente o expositor de sua escolha para agendar o seu test drive e verificar a disponibilidade.<\/p>\t\t\t\t\t\t\t\t<\/div>\n\t\t\t\t<\/div>\n\t\t\t\t<\/div>\n\t\t\t\t\t<\/div>\n\t\t\t\t<\/div>\n\t\t\t\t<div class=\"elementor-element elementor-element-596be69 elementor-arrows-position-outside elementor-widget elementor-widget-image-carousel\" data-id=\"596be69\" data-element_type=\"widget\" data-e-type=\"widget\" data-settings=\"{&quot;slides_to_show&quot;:&quot;4&quot;,&quot;slides_to_scroll&quot;:&quot;1&quot;,&quot;navigation&quot;:&quot;arrows&quot;,&quot;image_spacing_custom&quot;:{&quot;unit&quot;:&quot;px&quot;,&quot;size&quot;:32,&quot;sizes&quot;:[]},&quot;autoplay&quot;:&quot;yes&quot;,&quot;pause_on_hover&quot;:&quot;yes&quot;,&quot;pause_on_interaction&quot;:&quot;yes&quot;,&quot;autoplay_speed&quot;:5000,&quot;infinite&quot;:&quot;yes&quot;,&quot;speed&quot;:500,&quot;image_spacing_custom_tablet&quot;:{&quot;unit&quot;:&quot;px&quot;,&quot;size&quot;:&quot;&quot;,&quot;sizes&quot;:[]},&quot;image_spacing_custom_mobile&quot;:{&quot;unit&quot;:&quot;px&quot;,&quot;size&quot;:&quot;&quot;,&quot;sizes&quot;:[]}}\" data-widget_type=\"image-carousel.default\">\n\t\t\t\t<div class=\"elementor-widget-container\">\n\t\t\t\t\t\t\t<div class=\"elementor-image-carousel-wrapper swiper\" role=\"region\" aria-roledescription=\"carousel\" aria-label=\"Carrossel de imagens\" dir=\"ltr\">\n\t\t\t<div class=\"elementor-image-carousel swiper-wrapper swiper-image-stretch\" aria-live=\"off\">\n\t\t\t\t\t\t\t\t<div class=\"swiper-slide\" role=\"group\" aria-roledescription=\"slide\" aria-label=\"1 de 4\"><a data-elementor-open-lightbox=\"yes\" data-elementor-lightbox-slideshow=\"596be69\" data-elementor-lightbox-title=\"bold01\" data-e-action-hash=\"#elementor-action%3Aaction%3Dlightbox%26settings%3DeyJpZCI6MTMzNywidXJsIjoiaHR0cHM6XC9cL3NhbHZhZG9yYm9hdHNob3cuY29tLmJyXC93cC1jb250ZW50XC91cGxvYWRzXC8yMDI0XC8xMFwvYm9sZDAxLnBuZyIsInNsaWRlc2hvdyI6IjU5NmJlNjkifQ%3D%3D\" href=\"https:\/\/salvadorboatshow.com.br\/wp-content\/uploads\/2024\/10\/bold01.png\"><figure class=\"swiper-slide-inner\"><img decoding=\"async\" class=\"swiper-slide-image\" src=\"https:\/\/salvadorboatshow.com.br\/wp-content\/uploads\/2024\/10\/bold01.png\" alt=\"bold01\" \/><\/figure><\/a><\/div><div class=\"swiper-slide\" role=\"group\" aria-roledescription=\"slide\" aria-label=\"2 de 4\"><a data-elementor-open-lightbox=\"yes\" data-elementor-lightbox-slideshow=\"596be69\" data-elementor-lightbox-title=\"bold02\" data-e-action-hash=\"#elementor-action%3Aaction%3Dlightbox%26settings%3DeyJpZCI6MTMzOCwidXJsIjoiaHR0cHM6XC9cL3NhbHZhZG9yYm9hdHNob3cuY29tLmJyXC93cC1jb250ZW50XC91cGxvYWRzXC8yMDI0XC8xMFwvYm9sZDAyLnBuZyIsInNsaWRlc2hvdyI6IjU5NmJlNjkifQ%3D%3D\" href=\"https:\/\/salvadorboatshow.com.br\/wp-content\/uploads\/2024\/10\/bold02.png\"><figure class=\"swiper-slide-inner\"><img decoding=\"async\" class=\"swiper-slide-image\" src=\"https:\/\/salvadorboatshow.com.br\/wp-content\/uploads\/2024\/10\/bold02.png\" alt=\"bold02\" \/><\/figure><\/a><\/div><div class=\"swiper-slide\" role=\"group\" aria-roledescription=\"slide\" aria-label=\"3 de 4\"><a data-elementor-open-lightbox=\"yes\" data-elementor-lightbox-slideshow=\"596be69\" data-elementor-lightbox-title=\"bold03\" data-e-action-hash=\"#elementor-action%3Aaction%3Dlightbox%26settings%3DeyJpZCI6MTMzOSwidXJsIjoiaHR0cHM6XC9cL3NhbHZhZG9yYm9hdHNob3cuY29tLmJyXC93cC1jb250ZW50XC91cGxvYWRzXC8yMDI0XC8xMFwvYm9sZDAzLnBuZyIsInNsaWRlc2hvdyI6IjU5NmJlNjkifQ%3D%3D\" href=\"https:\/\/salvadorboatshow.com.br\/wp-content\/uploads\/2024\/10\/bold03.png\"><figure class=\"swiper-slide-inner\"><img decoding=\"async\" class=\"swiper-slide-image\" src=\"https:\/\/salvadorboatshow.com.br\/wp-content\/uploads\/2024\/10\/bold03.png\" alt=\"bold03\" \/><\/figure><\/a><\/div><div class=\"swiper-slide\" role=\"group\" aria-roledescription=\"slide\" aria-label=\"4 de 4\"><a data-elementor-open-lightbox=\"yes\" data-elementor-lightbox-slideshow=\"596be69\" data-elementor-lightbox-title=\"bold04\" data-e-action-hash=\"#elementor-action%3Aaction%3Dlightbox%26settings%3DeyJpZCI6MTM0MCwidXJsIjoiaHR0cHM6XC9cL3NhbHZhZG9yYm9hdHNob3cuY29tLmJyXC93cC1jb250ZW50XC91cGxvYWRzXC8yMDI0XC8xMFwvYm9sZDA0LnBuZyIsInNsaWRlc2hvdyI6IjU5NmJlNjkifQ%3D%3D\" href=\"https:\/\/salvadorboatshow.com.br\/wp-content\/uploads\/2024\/10\/bold04.png\"><figure class=\"swiper-slide-inner\"><img decoding=\"async\" class=\"swiper-slide-image\" src=\"https:\/\/salvadorboatshow.com.br\/wp-content\/uploads\/2024\/10\/bold04.png\" alt=\"bold04\" \/><\/figure><\/a><\/div>\t\t\t<\/div>\n\t\t\t\t\t\t\t\t\t\t\t\t<div class=\"elementor-swiper-button elementor-swiper-button-prev\" role=\"button\" tabindex=\"0\">\n\t\t\t\t\t\t<svg aria-hidden=\"true\" class=\"e-font-icon-svg e-eicon-chevron-left\" viewBox=\"0 0 1000 1000\" xmlns=\"http:\/\/www.w3.org\/2000\/svg\"><path d=\"M646 125C629 125 613 133 604 142L308 442C296 454 292 471 292 487 292 504 296 521 308 533L604 854C617 867 629 875 646 875 663 875 679 871 692 858 704 846 713 829 713 812 713 796 708 779 692 767L438 487 692 225C700 217 708 204 708 187 708 171 704 154 692 142 675 129 663 125 646 125Z\"><\/path><\/svg>\t\t\t\t\t<\/div>\n\t\t\t\t\t<div class=\"elementor-swiper-button elementor-swiper-button-next\" role=\"button\" tabindex=\"0\">\n\t\t\t\t\t\t<svg aria-hidden=\"true\" class=\"e-font-icon-svg e-eicon-chevron-right\" viewBox=\"0 0 1000 1000\" xmlns=\"http:\/\/www.w3.org\/2000\/svg\"><path d=\"M696 533C708 521 713 504 713 487 713 471 708 454 696 446L400 146C388 133 375 125 354 125 338 125 325 129 313 142 300 154 292 171 292 187 292 204 296 221 308 233L563 492 304 771C292 783 288 800 288 817 288 833 296 850 308 863 321 871 338 875 354 875 371 875 388 867 400 854L696 533Z\"><\/path><\/svg>\t\t\t\t\t<\/div>\n\t\t\t\t\n\t\t\t\t\t\t\t\t\t<\/div>\n\t\t\t\t\t\t<\/div>\n\t\t\t\t<\/div>\n\t\t<div data-particle_enable=\"false\" data-particle-mobile-disabled=\"false\" class=\"elementor-element elementor-element-7ba8896 e-flex e-con-boxed wpr-particle-no wpr-jarallax-no wpr-parallax-no wpr-sticky-section-no e-con e-child\" data-id=\"7ba8896\" data-element_type=\"container\" data-e-type=\"container\">\n\t\t\t\t\t<div class=\"e-con-inner\">\n\t\t<div data-particle_enable=\"false\" data-particle-mobile-disabled=\"false\" class=\"elementor-element elementor-element-4f276d0 e-con-full e-flex wpr-particle-no wpr-jarallax-no wpr-parallax-no wpr-sticky-section-no e-con e-child\" data-id=\"4f276d0\" data-element_type=\"container\" data-e-type=\"container\" data-settings=\"{&quot;background_background&quot;:&quot;classic&quot;}\">\n\t\t<div data-particle_enable=\"false\" data-particle-mobile-disabled=\"false\" class=\"elementor-element elementor-element-d98cd17 e-flex e-con-boxed wpr-particle-no wpr-jarallax-no wpr-parallax-no wpr-sticky-section-no e-con e-child\" data-id=\"d98cd17\" data-element_type=\"container\" data-e-type=\"container\" data-settings=\"{&quot;background_background&quot;:&quot;classic&quot;}\">\n\t\t\t\t\t<div class=\"e-con-inner\">\n\t\t\t\t<div class=\"elementor-element elementor-element-e97fb03 elementor-widget elementor-widget-spacer\" data-id=\"e97fb03\" data-element_type=\"widget\" data-e-type=\"widget\" data-widget_type=\"spacer.default\">\n\t\t\t\t<div class=\"elementor-widget-container\">\n\t\t\t\t\t\t\t<div class=\"elementor-spacer\">\n\t\t\t<div class=\"elementor-spacer-inner\"><\/div>\n\t\t<\/div>\n\t\t\t\t\t\t<\/div>\n\t\t\t\t<\/div>\n\t\t\t\t<div class=\"elementor-element elementor-element-cfac346 elementor-widget elementor-widget-html\" data-id=\"cfac346\" data-element_type=\"widget\" data-e-type=\"widget\" data-widget_type=\"html.default\">\n\t\t\t\t<div class=\"elementor-widget-container\">\n\t\t\t\t\t<div class=\"elementor-widget-container\">\r\n    <div class=\"custom-slider-arrows\">\r\n        <div class=\"custom-slider-prev custom-slider-btn prev\">\r\n            <i class=\"fas fa-chevron-left\"><\/i>\r\n        <\/div>\r\n        <div class=\"custom-slider-next custom-slider-btn next\">\r\n            <i class=\"fas fa-chevron-right\"><\/i>\r\n        <\/div>\r\n    <\/div>\r\n<\/div>\r\n\r\n<script>\r\n    document.addEventListener(\"DOMContentLoaded\", function() {\r\n        document.querySelector('.custom-slider-prev').addEventListener('click', function() {\r\n            document.querySelector('.elementor-swiper-button-prev').click();\r\n        });\r\n\r\n        document.querySelector('.custom-slider-next').addEventListener('click', function() {\r\n            document.querySelector('.elementor-swiper-button-next').click();\r\n        });\r\n    });\r\n<\/script>\r\n\r\n<style>\r\n    .custom-slider-arrows {\r\n        position: relative;\r\n        display: flex;\r\n        justify-content: space-between;\r\n        align-items: center;\r\n        width: 100%;\r\n        max-width: 75px; \/* Ajuste para incluir o espa\u00e7amento *\/\r\n        margin: 0 auto;\r\n    }\r\n\r\n    .custom-slider-btn {\r\n        width: 40px;\r\n        height: 40px;\r\n        border-radius: 50%;\r\n        display: flex;\r\n        justify-content: center;\r\n        align-items: center;\r\n        cursor: pointer;\r\n        color: black;\r\n    }\r\n\r\n    .custom-slider-btn i {\r\n        font-size: 28px;\r\n        color: #fff !important;\r\n    }\r\n\r\n    .custom-slider-prev {\r\n        margin-right: 25px;\r\n        opacity: 0.4 !important;\r\n    }\r\n\r\n    .custom-slider-next {\r\n        margin-left: auto;\r\n    }\r\n<\/style>\r\n\t\t\t\t<\/div>\n\t\t\t\t<\/div>\n\t\t\t\t\t<\/div>\n\t\t\t\t<\/div>\n\t\t\t\t<\/div>\n\t\t\t\t\t<\/div>\n\t\t\t\t<\/div>\n\t\t\t\t<\/div>\n\t\t\t\t<\/div>\n\t\t","protected":false},"excerpt":{"rendered":"<p>Viva a Experi\u00eancia: Test Driveno Salvador Boat Show 2025 No Salvador Boat Show 2025, voc\u00ea ter\u00e1 a chance de testar as mais recentes inova\u00e7\u00f5es do mercado n\u00e1utico diretamente na Ba\u00eda de Todos-os-Santos. Realize o test drive dos seus sonhos e experimente em primeira m\u00e3o o desempenho das embarca\u00e7\u00f5es mais modernas. N\u00e3o h\u00e1 melhor forma de escolher sua pr\u00f3xima embarca\u00e7\u00e3o do que vivenciando-a na pr\u00e1tica! *Aten\u00e7\u00e3o: A realiza\u00e7\u00e3o de cada test drive \u00e9 de responsabilidade exclusiva dos expositores. Consulte diretamente o expositor de sua escolha para agendar o seu test drive e verificar a disponibilidade.<\/p>\n","protected":false},"author":10,"featured_media":0,"parent":0,"menu_order":0,"comment_status":"closed","ping_status":"closed","template":"elementor_header_footer","meta":{"footnotes":""},"class_list":["post-1334","page","type-page","status-publish","hentry"],"yoast_head":"<!-- This site is optimized with the Yoast SEO Premium plugin v27.1 (Yoast SEO v27.1.1) - https:\/\/yoast.com\/product\/yoast-seo-premium-wordpress\/ -->\n<title>Test Drive | Salvador Boat Show 2026<\/title>\n<meta name=\"robots\" content=\"noindex, nofollow\" \/>\n<meta property=\"og:locale\" content=\"pt_BR\" \/>\n<meta property=\"og:type\" content=\"article\" \/>\n<meta property=\"og:title\" content=\"Test Drive\" \/>\n<meta property=\"og:description\" content=\"Viva a Experi\u00eancia: Test Driveno Salvador Boat Show 2025 No Salvador Boat Show 2025, voc\u00ea ter\u00e1 a chance de testar as mais recentes inova\u00e7\u00f5es do mercado n\u00e1utico diretamente na Ba\u00eda de Todos-os-Santos. Realize o test drive dos seus sonhos e experimente em primeira m\u00e3o o desempenho das embarca\u00e7\u00f5es mais modernas. N\u00e3o h\u00e1 melhor forma de escolher sua pr\u00f3xima embarca\u00e7\u00e3o do que vivenciando-a na pr\u00e1tica! *Aten\u00e7\u00e3o: A realiza\u00e7\u00e3o de cada test drive \u00e9 de responsabilidade exclusiva dos expositores. Consulte diretamente o expositor de sua escolha para agendar o seu test drive e verificar a disponibilidade.\" \/>\n<meta property=\"og:url\" content=\"https:\/\/salvadorboatshow.com.br\/test-drive\/\" \/>\n<meta property=\"og:site_name\" content=\"Salvador Boat Show 2026\" \/>\n<meta property=\"article:modified_time\" content=\"2025-10-15T17:32:04+00:00\" \/>\n<meta property=\"og:image\" content=\"https:\/\/salvadorboatshow.com.br\/wp-content\/uploads\/2024\/10\/imagem.png\" \/>\n<meta name=\"twitter:card\" content=\"summary_large_image\" \/>\n<meta name=\"twitter:label1\" content=\"Est. reading time\" \/>\n\t<meta name=\"twitter:data1\" content=\"4 minutos\" \/>\n<script type=\"application\/ld+json\" class=\"yoast-schema-graph\">{\"@context\":\"https:\/\/schema.org\",\"@graph\":[{\"@type\":\"WebPage\",\"@id\":\"https:\/\/salvadorboatshow.com.br\/test-drive\/\",\"url\":\"https:\/\/salvadorboatshow.com.br\/test-drive\/\",\"name\":\"Test Drive | Salvador Boat Show 2026\",\"isPartOf\":{\"@id\":\"https:\/\/salvadorboatshow.com.br\/#website\"},\"primaryImageOfPage\":{\"@id\":\"https:\/\/salvadorboatshow.com.br\/test-drive\/#primaryimage\"},\"image\":{\"@id\":\"https:\/\/salvadorboatshow.com.br\/test-drive\/#primaryimage\"},\"thumbnailUrl\":\"https:\/\/salvadorboatshow.com.br\/wp-content\/uploads\/2024\/10\/imagem.png\",\"datePublished\":\"2024-10-29T19:01:07+00:00\",\"dateModified\":\"2025-10-15T17:32:04+00:00\",\"breadcrumb\":{\"@id\":\"https:\/\/salvadorboatshow.com.br\/test-drive\/#breadcrumb\"},\"inLanguage\":\"pt-BR\",\"potentialAction\":[{\"@type\":\"ReadAction\",\"target\":[\"https:\/\/salvadorboatshow.com.br\/test-drive\/\"]}]},{\"@type\":\"ImageObject\",\"inLanguage\":\"pt-BR\",\"@id\":\"https:\/\/salvadorboatshow.com.br\/test-drive\/#primaryimage\",\"url\":\"https:\/\/salvadorboatshow.com.br\/wp-content\/uploads\/2024\/10\/imagem.png\",\"contentUrl\":\"https:\/\/salvadorboatshow.com.br\/wp-content\/uploads\/2024\/10\/imagem.png\",\"width\":1280,\"height\":535},{\"@type\":\"BreadcrumbList\",\"@id\":\"https:\/\/salvadorboatshow.com.br\/test-drive\/#breadcrumb\",\"itemListElement\":[{\"@type\":\"ListItem\",\"position\":1,\"name\":\"In\u00edcio\",\"item\":\"https:\/\/salvadorboatshow.com.br\/\"},{\"@type\":\"ListItem\",\"position\":2,\"name\":\"Test Drive\"}]},{\"@type\":\"WebSite\",\"@id\":\"https:\/\/salvadorboatshow.com.br\/#website\",\"url\":\"https:\/\/salvadorboatshow.com.br\/\",\"name\":\"Salvador Boat Show 2026\",\"description\":\"De 05 a 08 de novembro, a Ba\u00eda de Todos os Santos se transformar\u00e1 no epicentro da vida n\u00e1utica do Nordeste, estamos chegando com a 3\u00aa edi\u00e7\u00e3o do Salvador Boat Show.\",\"publisher\":{\"@id\":\"https:\/\/salvadorboatshow.com.br\/#organization\"},\"potentialAction\":[{\"@type\":\"SearchAction\",\"target\":{\"@type\":\"EntryPoint\",\"urlTemplate\":\"https:\/\/salvadorboatshow.com.br\/?s={search_term_string}\"},\"query-input\":{\"@type\":\"PropertyValueSpecification\",\"valueRequired\":true,\"valueName\":\"search_term_string\"}}],\"inLanguage\":\"pt-BR\"},{\"@type\":\"Organization\",\"@id\":\"https:\/\/salvadorboatshow.com.br\/#organization\",\"name\":\"Salvador Boat Show 2026\",\"url\":\"https:\/\/salvadorboatshow.com.br\/\",\"logo\":{\"@type\":\"ImageObject\",\"inLanguage\":\"pt-BR\",\"@id\":\"https:\/\/salvadorboatshow.com.br\/#\/schema\/logo\/image\/\",\"url\":\"https:\/\/salvadorboatshow.com.br\/wp-content\/uploads\/2024\/01\/logo-sabs-2026-azul.png\",\"contentUrl\":\"https:\/\/salvadorboatshow.com.br\/wp-content\/uploads\/2024\/01\/logo-sabs-2026-azul.png\",\"width\":150,\"height\":210,\"caption\":\"Salvador Boat Show 2026\"},\"image\":{\"@id\":\"https:\/\/salvadorboatshow.com.br\/#\/schema\/logo\/image\/\"},\"publishingPrinciples\":\"https:\/\/salvadorboatshow.com.br\/o-evento\/\",\"actionableFeedbackPolicy\":\"https:\/\/salvadorboatshow.com.br\/politica-de-privacidade\/\"}]}<\/script>\n<!-- \/ Yoast SEO Premium plugin. -->","yoast_head_json":{"title":"Test Drive | Salvador Boat Show 2026","robots":{"index":"noindex","follow":"nofollow"},"og_locale":"pt_BR","og_type":"article","og_title":"Test Drive","og_description":"Viva a Experi\u00eancia: Test Driveno Salvador Boat Show 2025 No Salvador Boat Show 2025, voc\u00ea ter\u00e1 a chance de testar as mais recentes inova\u00e7\u00f5es do mercado n\u00e1utico diretamente na Ba\u00eda de Todos-os-Santos. Realize o test drive dos seus sonhos e experimente em primeira m\u00e3o o desempenho das embarca\u00e7\u00f5es mais modernas. N\u00e3o h\u00e1 melhor forma de escolher sua pr\u00f3xima embarca\u00e7\u00e3o do que vivenciando-a na pr\u00e1tica! *Aten\u00e7\u00e3o: A realiza\u00e7\u00e3o de cada test drive \u00e9 de responsabilidade exclusiva dos expositores. Consulte diretamente o expositor de sua escolha para agendar o seu test drive e verificar a disponibilidade.","og_url":"https:\/\/salvadorboatshow.com.br\/test-drive\/","og_site_name":"Salvador Boat Show 2026","article_modified_time":"2025-10-15T17:32:04+00:00","og_image":[{"url":"https:\/\/salvadorboatshow.com.br\/wp-content\/uploads\/2024\/10\/imagem.png","type":"","width":"","height":""}],"twitter_card":"summary_large_image","twitter_misc":{"Est. reading time":"4 minutos"},"schema":{"@context":"https:\/\/schema.org","@graph":[{"@type":"WebPage","@id":"https:\/\/salvadorboatshow.com.br\/test-drive\/","url":"https:\/\/salvadorboatshow.com.br\/test-drive\/","name":"Test Drive | Salvador Boat Show 2026","isPartOf":{"@id":"https:\/\/salvadorboatshow.com.br\/#website"},"primaryImageOfPage":{"@id":"https:\/\/salvadorboatshow.com.br\/test-drive\/#primaryimage"},"image":{"@id":"https:\/\/salvadorboatshow.com.br\/test-drive\/#primaryimage"},"thumbnailUrl":"https:\/\/salvadorboatshow.com.br\/wp-content\/uploads\/2024\/10\/imagem.png","datePublished":"2024-10-29T19:01:07+00:00","dateModified":"2025-10-15T17:32:04+00:00","breadcrumb":{"@id":"https:\/\/salvadorboatshow.com.br\/test-drive\/#breadcrumb"},"inLanguage":"pt-BR","potentialAction":[{"@type":"ReadAction","target":["https:\/\/salvadorboatshow.com.br\/test-drive\/"]}]},{"@type":"ImageObject","inLanguage":"pt-BR","@id":"https:\/\/salvadorboatshow.com.br\/test-drive\/#primaryimage","url":"https:\/\/salvadorboatshow.com.br\/wp-content\/uploads\/2024\/10\/imagem.png","contentUrl":"https:\/\/salvadorboatshow.com.br\/wp-content\/uploads\/2024\/10\/imagem.png","width":1280,"height":535},{"@type":"BreadcrumbList","@id":"https:\/\/salvadorboatshow.com.br\/test-drive\/#breadcrumb","itemListElement":[{"@type":"ListItem","position":1,"name":"In\u00edcio","item":"https:\/\/salvadorboatshow.com.br\/"},{"@type":"ListItem","position":2,"name":"Test Drive"}]},{"@type":"WebSite","@id":"https:\/\/salvadorboatshow.com.br\/#website","url":"https:\/\/salvadorboatshow.com.br\/","name":"Salvador Boat Show 2026","description":"De 05 a 08 de novembro, a Ba\u00eda de Todos os Santos se transformar\u00e1 no epicentro da vida n\u00e1utica do Nordeste, estamos chegando com a 3\u00aa edi\u00e7\u00e3o do Salvador Boat Show.","publisher":{"@id":"https:\/\/salvadorboatshow.com.br\/#organization"},"potentialAction":[{"@type":"SearchAction","target":{"@type":"EntryPoint","urlTemplate":"https:\/\/salvadorboatshow.com.br\/?s={search_term_string}"},"query-input":{"@type":"PropertyValueSpecification","valueRequired":true,"valueName":"search_term_string"}}],"inLanguage":"pt-BR"},{"@type":"Organization","@id":"https:\/\/salvadorboatshow.com.br\/#organization","name":"Salvador Boat Show 2026","url":"https:\/\/salvadorboatshow.com.br\/","logo":{"@type":"ImageObject","inLanguage":"pt-BR","@id":"https:\/\/salvadorboatshow.com.br\/#\/schema\/logo\/image\/","url":"https:\/\/salvadorboatshow.com.br\/wp-content\/uploads\/2024\/01\/logo-sabs-2026-azul.png","contentUrl":"https:\/\/salvadorboatshow.com.br\/wp-content\/uploads\/2024\/01\/logo-sabs-2026-azul.png","width":150,"height":210,"caption":"Salvador Boat Show 2026"},"image":{"@id":"https:\/\/salvadorboatshow.com.br\/#\/schema\/logo\/image\/"},"publishingPrinciples":"https:\/\/salvadorboatshow.com.br\/o-evento\/","actionableFeedbackPolicy":"https:\/\/salvadorboatshow.com.br\/politica-de-privacidade\/"}]}},"_links":{"self":[{"href":"https:\/\/salvadorboatshow.com.br\/wp-json\/wp\/v2\/pages\/1334","targetHints":{"allow":["GET"]}}],"collection":[{"href":"https:\/\/salvadorboatshow.com.br\/wp-json\/wp\/v2\/pages"}],"about":[{"href":"https:\/\/salvadorboatshow.com.br\/wp-json\/wp\/v2\/types\/page"}],"author":[{"embeddable":true,"href":"https:\/\/salvadorboatshow.com.br\/wp-json\/wp\/v2\/users\/10"}],"replies":[{"embeddable":true,"href":"https:\/\/salvadorboatshow.com.br\/wp-json\/wp\/v2\/comments?post=1334"}],"version-history":[{"count":0,"href":"https:\/\/salvadorboatshow.com.br\/wp-json\/wp\/v2\/pages\/1334\/revisions"}],"wp:attachment":[{"href":"https:\/\/salvadorboatshow.com.br\/wp-json\/wp\/v2\/media?parent=1334"}],"curies":[{"name":"wp","href":"https:\/\/api.w.org\/{rel}","templated":true}]}}