{"id":1469,"date":"2025-04-17T05:50:55","date_gmt":"2025-04-17T08:50:55","guid":{"rendered":"https:\/\/salvadorboatshow.com.br\/?page_id=1469"},"modified":"2025-08-25T10:59:18","modified_gmt":"2025-08-25T13:59:18","slug":"noticias","status":"publish","type":"page","link":"https:\/\/salvadorboatshow.com.br\/noticias\/","title":{"rendered":"Not\u00edcias"},"content":{"rendered":"\t\t<div data-elementor-type=\"wp-page\" data-elementor-id=\"1469\" class=\"elementor elementor-1469\" data-elementor-post-type=\"page\">\n\t\t\t\t\t\t<section data-particle_enable=\"false\" data-particle-mobile-disabled=\"false\" class=\"elementor-section elementor-top-section elementor-element elementor-element-4f199e9b elementor-section-boxed elementor-section-height-default elementor-section-height-default wpr-particle-no wpr-jarallax-no wpr-parallax-no wpr-sticky-section-no\" data-id=\"4f199e9b\" data-element_type=\"section\" data-e-type=\"section\">\n\t\t\t\t\t\t<div class=\"elementor-container elementor-column-gap-default\">\n\t\t\t\t\t<div class=\"elementor-column elementor-col-100 elementor-top-column elementor-element elementor-element-2671a2fd\" data-id=\"2671a2fd\" data-element_type=\"column\" data-e-type=\"column\">\n\t\t\t<div class=\"elementor-widget-wrap elementor-element-populated\">\n\t\t\t\t\t\t<div class=\"elementor-element elementor-element-f07cda0 elementor-widget elementor-widget-image\" data-id=\"f07cda0\" data-element_type=\"widget\" data-e-type=\"widget\" data-widget_type=\"image.default\">\n\t\t\t\t<div class=\"elementor-widget-container\">\n\t\t\t\t\t\t\t\t\t\t\t\t\t\t\t<img fetchpriority=\"high\" decoding=\"async\" width=\"1200\" height=\"500\" src=\"https:\/\/salvadorboatshow.com.br\/wp-content\/uploads\/2025\/08\/NAUTICA-CAPA-2.webp\" class=\"attachment-2048x2048 size-2048x2048 wp-image-1478\" alt=\"\" srcset=\"https:\/\/salvadorboatshow.com.br\/wp-content\/uploads\/2025\/08\/NAUTICA-CAPA-2.webp 1200w, https:\/\/salvadorboatshow.com.br\/wp-content\/uploads\/2025\/08\/NAUTICA-CAPA-2-300x125.webp 300w, https:\/\/salvadorboatshow.com.br\/wp-content\/uploads\/2025\/08\/NAUTICA-CAPA-2-1024x427.webp 1024w, https:\/\/salvadorboatshow.com.br\/wp-content\/uploads\/2025\/08\/NAUTICA-CAPA-2-768x320.webp 768w\" sizes=\"(max-width: 1200px) 100vw, 1200px\" \/>\t\t\t\t\t\t\t\t\t\t\t\t\t\t\t<\/div>\n\t\t\t\t<\/div>\n\t\t\t\t<div class=\"elementor-element elementor-element-7d6ec868 elementor-widget elementor-widget-feedzy-rss-feeds\" data-id=\"7d6ec868\" data-element_type=\"widget\" data-e-type=\"widget\" data-widget_type=\"feedzy-rss-feeds.default\">\n\t\t\t\t<div class=\"elementor-widget-container\">\n\t\t\t\t\t<div class=\"feedzy-820ff4e6b4457f9afb21cbd26035b949 feedzy-rss\"><ul><li  style=\"padding: 15px 0 25px\" class=\"rss_item\"><div class=\"rss_image\" style=\"height:150px;width:150px;\"><a href=\"https:\/\/nautica.com.br\/confira-destaques-edicao-397-revista-nautica\/\" target=\"\" rel=\" noopener\" title=\"J\u00e1 nas bancas e no app: confira destaques da edi\u00e7\u00e3o 397 da Revista N\u00e1utica\" style=\"height:150px;width:150px;\"><img decoding=\"async\" src=\"https:\/\/nautica.com.br\/wp-content\/uploads\/2026\/02\/Editorial_Nautica_397.jpg\" title=\"J\u00e1 nas bancas e no app: confira destaques da edi\u00e7\u00e3o 397 da Revista N\u00e1utica\" style=\"height:150px;width:150px;\"><\/a><\/div><span class=\"title\"><a href=\"https:\/\/nautica.com.br\/confira-destaques-edicao-397-revista-nautica\/\" target=\"\" rel=\" noopener\">J\u00e1 nas bancas e no app: confira destaques da edi\u00e7\u00e3o 397 da Revista N\u00e1utica<\/a><\/span><div class=\"rss_content\" style=\"\"><p>Material chega recheado com tr\u00eas grandes testes de embarca\u00e7\u00f5es e uma cobertura completa dos sal\u00f5es n\u00e1uticos de S\u00e3o Paulo e Salvador\nO post J\u00e1 nas bancas e no app: confira destaques da edi\u00e7\u00e3o 397 da Revista N\u00e1utica apareceu primeiro em N\u00e1utica.<\/p><\/div><\/li><li  style=\"padding: 15px 0 25px\" class=\"rss_item\"><div class=\"rss_image\" style=\"height:150px;width:150px;\"><a href=\"https:\/\/nautica.com.br\/numeros-salvador-boat-sbow-2025\/\" target=\"\" rel=\" noopener\" title=\"2\u00aa edi\u00e7\u00e3o do Salvador Boat Show supera expectativas de p\u00fablico, neg\u00f3cios e investimentos\" style=\"height:150px;width:150px;\"><img decoding=\"async\" src=\"https:\/\/nautica.com.br\/wp-content\/uploads\/2025\/11\/numeros-salvador-boat-show-2025-1.bx_.jpg\" title=\"2\u00aa edi\u00e7\u00e3o do Salvador Boat Show supera expectativas de p\u00fablico, neg\u00f3cios e investimentos\" style=\"height:150px;width:150px;\"><\/a><\/div><span class=\"title\"><a href=\"https:\/\/nautica.com.br\/numeros-salvador-boat-sbow-2025\/\" target=\"\" rel=\" noopener\">2\u00aa edi\u00e7\u00e3o do Salvador Boat Show supera expectativas de p\u00fablico, neg\u00f3cios e investimentos<\/a><\/span><div class=\"rss_content\" style=\"\"><p>Em quatro dias, evento foi respons\u00e1vel pela venda de mais de 40 embarca\u00e7\u00f5es e superou 5 mil visitantes\nO post 2\u00aa edi\u00e7\u00e3o do Salvador Boat Show supera expectativas de p\u00fablico, neg\u00f3cios e investimentos apareceu primeiro em N\u00e1utica.<\/p><\/div><\/li><li  style=\"padding: 15px 0 25px\" class=\"rss_item\"><div class=\"rss_image\" style=\"height:150px;width:150px;\"><a href=\"https:\/\/nautica.com.br\/i9vela-salvador-boat-show-2025\/\" target=\"\" rel=\" noopener\" title=\"Levando esperan\u00e7a ao mar: projeto social aproxima jovens de comunidades ao universo n\u00e1utico\" style=\"height:150px;width:150px;\"><img decoding=\"async\" src=\"https:\/\/nautica.com.br\/wp-content\/uploads\/2025\/11\/i9vela-salvador-boat-show-1.bx_.jpg\" title=\"Levando esperan\u00e7a ao mar: projeto social aproxima jovens de comunidades ao universo n\u00e1utico\" style=\"height:150px;width:150px;\"><\/a><\/div><span class=\"title\"><a href=\"https:\/\/nautica.com.br\/i9vela-salvador-boat-show-2025\/\" target=\"\" rel=\" noopener\">Levando esperan\u00e7a ao mar: projeto social aproxima jovens de comunidades ao universo n\u00e1utico<\/a><\/span><div class=\"rss_content\" style=\"\"><p>Associa\u00e7\u00e3o i9Vela esteve no Salvador Boat Show e realizou cl\u00ednicas de vela e passeios em veleiro durante o evento\nO post Levando esperan\u00e7a ao mar: projeto social aproxima jovens de comunidades ao universo n\u00e1utico apareceu primeiro em N\u00e1utica.<\/p><\/div><\/li><li  style=\"padding: 15px 0 25px\" class=\"rss_item\"><div class=\"rss_image\" style=\"height:150px;width:150px;\"><a href=\"https:\/\/nautica.com.br\/shopping-salvador-boat-show-2025\/\" target=\"\" rel=\" noopener\" title=\"De prancha el\u00e9trica a tapetes flutuantes: um shopping n\u00e1utico completo no Salvador Boat Show\" style=\"height:150px;width:150px;\"><img decoding=\"async\" src=\"https:\/\/nautica.com.br\/wp-content\/uploads\/2025\/11\/abre-2.bx_.jpg\" title=\"De prancha el\u00e9trica a tapetes flutuantes: um shopping n\u00e1utico completo no Salvador Boat Show\" style=\"height:150px;width:150px;\"><\/a><\/div><span class=\"title\"><a href=\"https:\/\/nautica.com.br\/shopping-salvador-boat-show-2025\/\" target=\"\" rel=\" noopener\">De prancha el\u00e9trica a tapetes flutuantes: um shopping n\u00e1utico completo no Salvador Boat Show<\/a><\/span><div class=\"rss_content\" style=\"\"><p>Espa\u00e7o recebe oito estandes com mercadorias variadas, que v\u00e3o de equipamentos el\u00e9tricos a empreendimentos. Sal\u00e3o segue at\u00e9 \u00e0s 20h deste domingo (2)\nO post De prancha el\u00e9trica a tapetes flutuantes: um shopping n\u00e1utico completo no Salvador Boat Show apareceu primeiro em N\u00e1utica.<\/p><\/div><\/li><li  style=\"padding: 15px 0 25px\" class=\"rss_item\"><div class=\"rss_image\" style=\"height:150px;width:150px;\"><a href=\"https:\/\/nautica.com.br\/mtur-estuda-parcerias-turismo-nautico-bahia\/\" target=\"\" rel=\" noopener\" title=\"Minist\u00e9rio do Turismo estuda parcerias com a Bahia para desenvolver o Turismo N\u00e1utico\" style=\"height:150px;width:150px;\"><img decoding=\"async\" src=\"https:\/\/nautica.com.br\/wp-content\/uploads\/2025\/11\/mtur-sbs-6.bx_.jpg\" title=\"Minist\u00e9rio do Turismo estuda parcerias com a Bahia para desenvolver o Turismo N\u00e1utico\" style=\"height:150px;width:150px;\"><\/a><\/div><span class=\"title\"><a href=\"https:\/\/nautica.com.br\/mtur-estuda-parcerias-turismo-nautico-bahia\/\" target=\"\" rel=\" noopener\">Minist\u00e9rio do Turismo estuda parcerias com a Bahia para desenvolver o Turismo N\u00e1utico<\/a><\/span><div class=\"rss_content\" style=\"\"><p>Coordenadora-geral de Mobilidade e Conectividade Tur\u00edstica do MTUR destaca potencial da Bahia para o crescimento do turismo n\u00e1utico\nO post Minist\u00e9rio do Turismo estuda parcerias com a Bahia para desenvolver o Turismo N\u00e1utico apareceu primeiro em N\u00e1utica.<\/p><\/div><\/li><\/ul> <\/div><style type=\"text\/css\" media=\"all\">.feedzy-rss .rss_item .rss_image{float:left;position:relative;border:none;text-decoration:none;max-width:100%}.feedzy-rss .rss_item .rss_image span{display:inline-block;position:absolute;width:100%;height:100%;background-position:50%;background-size:cover}.feedzy-rss .rss_item .rss_image{margin:.3em 1em 0 0;content-visibility:auto}.feedzy-rss ul{list-style:none}.feedzy-rss ul li{display:inline-block}<\/style>\t\t\t\t<\/div>\n\t\t\t\t<\/div>\n\t\t\t\t\t<\/div>\n\t\t<\/div>\n\t\t\t\t\t<\/div>\n\t\t<\/section>\n\t\t<div data-particle_enable=\"false\" data-particle-mobile-disabled=\"false\" class=\"elementor-element elementor-element-31b35ca e-flex e-con-boxed wpr-particle-no wpr-jarallax-no wpr-parallax-no wpr-sticky-section-no e-con e-parent\" data-id=\"31b35ca\" data-element_type=\"container\" data-e-type=\"container\">\n\t\t\t\t\t<div class=\"e-con-inner\">\n\t\t\t\t<div class=\"elementor-element elementor-element-d19c3bd elementor-widget elementor-widget-image\" data-id=\"d19c3bd\" data-element_type=\"widget\" data-e-type=\"widget\" data-widget_type=\"image.default\">\n\t\t\t\t<div class=\"elementor-widget-container\">\n\t\t\t\t\t\t\t\t\t\t\t\t\t\t\t<img decoding=\"async\" width=\"975\" height=\"181\" src=\"https:\/\/salvadorboatshow.com.br\/wp-content\/uploads\/2025\/04\/Salvador-Boat-Show.png\" class=\"attachment-2048x2048 size-2048x2048 wp-image-1470\" alt=\"\" srcset=\"https:\/\/salvadorboatshow.com.br\/wp-content\/uploads\/2025\/04\/Salvador-Boat-Show.png 975w, https:\/\/salvadorboatshow.com.br\/wp-content\/uploads\/2025\/04\/Salvador-Boat-Show-300x56.png 300w, https:\/\/salvadorboatshow.com.br\/wp-content\/uploads\/2025\/04\/Salvador-Boat-Show-768x143.png 768w\" sizes=\"(max-width: 975px) 100vw, 975px\" \/>\t\t\t\t\t\t\t\t\t\t\t\t\t\t\t<\/div>\n\t\t\t\t<\/div>\n\t\t\t\t<div class=\"elementor-element elementor-element-331988f elementor-widget elementor-widget-html\" data-id=\"331988f\" data-element_type=\"widget\" data-e-type=\"widget\" data-widget_type=\"html.default\">\n\t\t\t\t<div class=\"elementor-widget-container\">\n\t\t\t\t\t<!-- SharpSpring Form for CONTATO RBS 25  -->\n<script type=\"text\/javascript\">\n    var ss_form = {'account': 'MzawMDe3NDCwAAA', 'formID': 'S7JIszA0N7TUNbVMNNU1MTM11rW0MDTUNU4xTzQ2NDA1SjYxBwA'};\n    ss_form.width = '100%';\n    ss_form.domain = 'app-3QSAK9NPUC.marketingautomation.services';\n    \/\/ ss_form.hidden = {'field_id': 'value'}; \/\/ Modify this for sending hidden variables, or overriding values\n    \/\/ ss_form.target_id = 'target'; \/\/ Optional parameter: forms will be placed inside the element with the specified id\n    \/\/ ss_form.polling = true; \/\/ Optional parameter: set to true ONLY if your page loads dynamically and the id needs to be polled continually.\n<\/script>\n<script type=\"text\/javascript\" src=\"https:\/\/koi-3QSAK9NPUC.marketingautomation.services\/client\/form.js?ver=2.0.1\"><\/script>\t\t\t\t<\/div>\n\t\t\t\t<\/div>\n\t\t\t\t\t<\/div>\n\t\t\t\t<\/div>\n\t\t\t\t<\/div>\n\t\t","protected":false},"excerpt":{"rendered":"","protected":false},"author":13,"featured_media":0,"parent":0,"menu_order":0,"comment_status":"closed","ping_status":"closed","template":"elementor_header_footer","meta":{"footnotes":""},"class_list":["post-1469","page","type-page","status-publish","hentry"],"yoast_head":"<!-- This site is optimized with the Yoast SEO Premium plugin v27.1 (Yoast SEO v27.1.1) - https:\/\/yoast.com\/product\/yoast-seo-premium-wordpress\/ -->\n<title>Not\u00edcias | Salvador Boat Show 2026<\/title>\n<meta name=\"robots\" content=\"index, follow, max-snippet:-1, max-image-preview:large, max-video-preview:-1\" \/>\n<link rel=\"canonical\" href=\"https:\/\/salvadorboatshow.com.br\/noticias\/\" \/>\n<meta property=\"og:locale\" content=\"pt_BR\" \/>\n<meta property=\"og:type\" content=\"article\" \/>\n<meta property=\"og:title\" content=\"Not\u00edcias\" \/>\n<meta property=\"og:url\" content=\"https:\/\/salvadorboatshow.com.br\/noticias\/\" \/>\n<meta property=\"og:site_name\" content=\"Salvador Boat Show 2026\" \/>\n<meta property=\"article:modified_time\" content=\"2025-08-25T13:59:18+00:00\" \/>\n<meta property=\"og:image\" content=\"https:\/\/salvadorboatshow.com.br\/wp-content\/uploads\/2025\/08\/NAUTICA-CAPA-2.webp\" \/>\n<meta name=\"twitter:card\" content=\"summary_large_image\" \/>\n<meta name=\"twitter:label1\" content=\"Est. reading time\" \/>\n\t<meta name=\"twitter:data1\" content=\"2 minutos\" \/>\n<script type=\"application\/ld+json\" class=\"yoast-schema-graph\">{\"@context\":\"https:\/\/schema.org\",\"@graph\":[{\"@type\":\"WebPage\",\"@id\":\"https:\/\/salvadorboatshow.com.br\/noticias\/\",\"url\":\"https:\/\/salvadorboatshow.com.br\/noticias\/\",\"name\":\"Not\u00edcias | Salvador Boat Show 2026\",\"isPartOf\":{\"@id\":\"https:\/\/salvadorboatshow.com.br\/#website\"},\"primaryImageOfPage\":{\"@id\":\"https:\/\/salvadorboatshow.com.br\/noticias\/#primaryimage\"},\"image\":{\"@id\":\"https:\/\/salvadorboatshow.com.br\/noticias\/#primaryimage\"},\"thumbnailUrl\":\"https:\/\/salvadorboatshow.com.br\/wp-content\/uploads\/2025\/08\/NAUTICA-CAPA-2.webp\",\"datePublished\":\"2025-04-17T08:50:55+00:00\",\"dateModified\":\"2025-08-25T13:59:18+00:00\",\"breadcrumb\":{\"@id\":\"https:\/\/salvadorboatshow.com.br\/noticias\/#breadcrumb\"},\"inLanguage\":\"pt-BR\",\"potentialAction\":[{\"@type\":\"ReadAction\",\"target\":[\"https:\/\/salvadorboatshow.com.br\/noticias\/\"]}]},{\"@type\":\"ImageObject\",\"inLanguage\":\"pt-BR\",\"@id\":\"https:\/\/salvadorboatshow.com.br\/noticias\/#primaryimage\",\"url\":\"https:\/\/salvadorboatshow.com.br\/wp-content\/uploads\/2025\/08\/NAUTICA-CAPA-2.webp\",\"contentUrl\":\"https:\/\/salvadorboatshow.com.br\/wp-content\/uploads\/2025\/08\/NAUTICA-CAPA-2.webp\",\"width\":1200,\"height\":500},{\"@type\":\"BreadcrumbList\",\"@id\":\"https:\/\/salvadorboatshow.com.br\/noticias\/#breadcrumb\",\"itemListElement\":[{\"@type\":\"ListItem\",\"position\":1,\"name\":\"In\u00edcio\",\"item\":\"https:\/\/salvadorboatshow.com.br\/\"},{\"@type\":\"ListItem\",\"position\":2,\"name\":\"Not\u00edcias\"}]},{\"@type\":\"WebSite\",\"@id\":\"https:\/\/salvadorboatshow.com.br\/#website\",\"url\":\"https:\/\/salvadorboatshow.com.br\/\",\"name\":\"Salvador Boat Show 2026\",\"description\":\"De 05 a 08 de novembro, a Ba\u00eda de Todos os Santos se transformar\u00e1 no epicentro da vida n\u00e1utica do Nordeste, estamos chegando com a 3\u00aa edi\u00e7\u00e3o do Salvador Boat Show.\",\"publisher\":{\"@id\":\"https:\/\/salvadorboatshow.com.br\/#organization\"},\"potentialAction\":[{\"@type\":\"SearchAction\",\"target\":{\"@type\":\"EntryPoint\",\"urlTemplate\":\"https:\/\/salvadorboatshow.com.br\/?s={search_term_string}\"},\"query-input\":{\"@type\":\"PropertyValueSpecification\",\"valueRequired\":true,\"valueName\":\"search_term_string\"}}],\"inLanguage\":\"pt-BR\"},{\"@type\":\"Organization\",\"@id\":\"https:\/\/salvadorboatshow.com.br\/#organization\",\"name\":\"Salvador Boat Show 2026\",\"url\":\"https:\/\/salvadorboatshow.com.br\/\",\"logo\":{\"@type\":\"ImageObject\",\"inLanguage\":\"pt-BR\",\"@id\":\"https:\/\/salvadorboatshow.com.br\/#\/schema\/logo\/image\/\",\"url\":\"https:\/\/salvadorboatshow.com.br\/wp-content\/uploads\/2024\/01\/logo-sabs-2026-azul.png\",\"contentUrl\":\"https:\/\/salvadorboatshow.com.br\/wp-content\/uploads\/2024\/01\/logo-sabs-2026-azul.png\",\"width\":150,\"height\":210,\"caption\":\"Salvador Boat Show 2026\"},\"image\":{\"@id\":\"https:\/\/salvadorboatshow.com.br\/#\/schema\/logo\/image\/\"},\"publishingPrinciples\":\"https:\/\/salvadorboatshow.com.br\/o-evento\/\",\"actionableFeedbackPolicy\":\"https:\/\/salvadorboatshow.com.br\/politica-de-privacidade\/\"}]}<\/script>\n<!-- \/ Yoast SEO Premium plugin. -->","yoast_head_json":{"title":"Not\u00edcias | Salvador Boat Show 2026","robots":{"index":"index","follow":"follow","max-snippet":"max-snippet:-1","max-image-preview":"max-image-preview:large","max-video-preview":"max-video-preview:-1"},"canonical":"https:\/\/salvadorboatshow.com.br\/noticias\/","og_locale":"pt_BR","og_type":"article","og_title":"Not\u00edcias","og_url":"https:\/\/salvadorboatshow.com.br\/noticias\/","og_site_name":"Salvador Boat Show 2026","article_modified_time":"2025-08-25T13:59:18+00:00","og_image":[{"url":"https:\/\/salvadorboatshow.com.br\/wp-content\/uploads\/2025\/08\/NAUTICA-CAPA-2.webp","type":"","width":"","height":""}],"twitter_card":"summary_large_image","twitter_misc":{"Est. reading time":"2 minutos"},"schema":{"@context":"https:\/\/schema.org","@graph":[{"@type":"WebPage","@id":"https:\/\/salvadorboatshow.com.br\/noticias\/","url":"https:\/\/salvadorboatshow.com.br\/noticias\/","name":"Not\u00edcias | Salvador Boat Show 2026","isPartOf":{"@id":"https:\/\/salvadorboatshow.com.br\/#website"},"primaryImageOfPage":{"@id":"https:\/\/salvadorboatshow.com.br\/noticias\/#primaryimage"},"image":{"@id":"https:\/\/salvadorboatshow.com.br\/noticias\/#primaryimage"},"thumbnailUrl":"https:\/\/salvadorboatshow.com.br\/wp-content\/uploads\/2025\/08\/NAUTICA-CAPA-2.webp","datePublished":"2025-04-17T08:50:55+00:00","dateModified":"2025-08-25T13:59:18+00:00","breadcrumb":{"@id":"https:\/\/salvadorboatshow.com.br\/noticias\/#breadcrumb"},"inLanguage":"pt-BR","potentialAction":[{"@type":"ReadAction","target":["https:\/\/salvadorboatshow.com.br\/noticias\/"]}]},{"@type":"ImageObject","inLanguage":"pt-BR","@id":"https:\/\/salvadorboatshow.com.br\/noticias\/#primaryimage","url":"https:\/\/salvadorboatshow.com.br\/wp-content\/uploads\/2025\/08\/NAUTICA-CAPA-2.webp","contentUrl":"https:\/\/salvadorboatshow.com.br\/wp-content\/uploads\/2025\/08\/NAUTICA-CAPA-2.webp","width":1200,"height":500},{"@type":"BreadcrumbList","@id":"https:\/\/salvadorboatshow.com.br\/noticias\/#breadcrumb","itemListElement":[{"@type":"ListItem","position":1,"name":"In\u00edcio","item":"https:\/\/salvadorboatshow.com.br\/"},{"@type":"ListItem","position":2,"name":"Not\u00edcias"}]},{"@type":"WebSite","@id":"https:\/\/salvadorboatshow.com.br\/#website","url":"https:\/\/salvadorboatshow.com.br\/","name":"Salvador Boat Show 2026","description":"De 05 a 08 de novembro, a Ba\u00eda de Todos os Santos se transformar\u00e1 no epicentro da vida n\u00e1utica do Nordeste, estamos chegando com a 3\u00aa edi\u00e7\u00e3o do Salvador Boat Show.","publisher":{"@id":"https:\/\/salvadorboatshow.com.br\/#organization"},"potentialAction":[{"@type":"SearchAction","target":{"@type":"EntryPoint","urlTemplate":"https:\/\/salvadorboatshow.com.br\/?s={search_term_string}"},"query-input":{"@type":"PropertyValueSpecification","valueRequired":true,"valueName":"search_term_string"}}],"inLanguage":"pt-BR"},{"@type":"Organization","@id":"https:\/\/salvadorboatshow.com.br\/#organization","name":"Salvador Boat Show 2026","url":"https:\/\/salvadorboatshow.com.br\/","logo":{"@type":"ImageObject","inLanguage":"pt-BR","@id":"https:\/\/salvadorboatshow.com.br\/#\/schema\/logo\/image\/","url":"https:\/\/salvadorboatshow.com.br\/wp-content\/uploads\/2024\/01\/logo-sabs-2026-azul.png","contentUrl":"https:\/\/salvadorboatshow.com.br\/wp-content\/uploads\/2024\/01\/logo-sabs-2026-azul.png","width":150,"height":210,"caption":"Salvador Boat Show 2026"},"image":{"@id":"https:\/\/salvadorboatshow.com.br\/#\/schema\/logo\/image\/"},"publishingPrinciples":"https:\/\/salvadorboatshow.com.br\/o-evento\/","actionableFeedbackPolicy":"https:\/\/salvadorboatshow.com.br\/politica-de-privacidade\/"}]}},"_links":{"self":[{"href":"https:\/\/salvadorboatshow.com.br\/wp-json\/wp\/v2\/pages\/1469","targetHints":{"allow":["GET"]}}],"collection":[{"href":"https:\/\/salvadorboatshow.com.br\/wp-json\/wp\/v2\/pages"}],"about":[{"href":"https:\/\/salvadorboatshow.com.br\/wp-json\/wp\/v2\/types\/page"}],"author":[{"embeddable":true,"href":"https:\/\/salvadorboatshow.com.br\/wp-json\/wp\/v2\/users\/13"}],"replies":[{"embeddable":true,"href":"https:\/\/salvadorboatshow.com.br\/wp-json\/wp\/v2\/comments?post=1469"}],"version-history":[{"count":0,"href":"https:\/\/salvadorboatshow.com.br\/wp-json\/wp\/v2\/pages\/1469\/revisions"}],"wp:attachment":[{"href":"https:\/\/salvadorboatshow.com.br\/wp-json\/wp\/v2\/media?parent=1469"}],"curies":[{"name":"wp","href":"https:\/\/api.w.org\/{rel}","templated":true}]}}