{"id":192,"date":"2024-02-02T09:33:08","date_gmt":"2024-02-02T12:33:08","guid":{"rendered":"https:\/\/rioboatshowbig.wpenginepowered.com\/?page_id=192"},"modified":"2025-08-25T10:49:08","modified_gmt":"2025-08-25T13:49:08","slug":"como-chegar","status":"publish","type":"page","link":"https:\/\/salvadorboatshow.com.br\/como-chegar\/","title":{"rendered":"Como chegar"},"content":{"rendered":"\t\t<div data-elementor-type=\"wp-page\" data-elementor-id=\"192\" class=\"elementor elementor-192\" data-elementor-post-type=\"page\">\n\t\t\t\t<div data-particle_enable=\"false\" data-particle-mobile-disabled=\"false\" class=\"elementor-element elementor-element-d19034a e-con-full e-flex wpr-particle-no wpr-jarallax-no wpr-parallax-no wpr-sticky-section-no e-con e-parent\" data-id=\"d19034a\" data-element_type=\"container\" data-e-type=\"container\">\n\t\t\t\t<div class=\"elementor-element elementor-element-5015c9d elementor-widget elementor-widget-image\" data-id=\"5015c9d\" data-element_type=\"widget\" data-e-type=\"widget\" data-widget_type=\"image.default\">\n\t\t\t\t<div class=\"elementor-widget-container\">\n\t\t\t\t\t\t\t\t\t\t\t\t\t\t\t<img fetchpriority=\"high\" decoding=\"async\" width=\"1920\" height=\"803\" src=\"https:\/\/salvadorboatshow.com.br\/wp-content\/uploads\/2025\/08\/banner-como-chegar.webp\" class=\"attachment-full size-full wp-image-1476\" alt=\"\" srcset=\"https:\/\/salvadorboatshow.com.br\/wp-content\/uploads\/2025\/08\/banner-como-chegar.webp 1920w, https:\/\/salvadorboatshow.com.br\/wp-content\/uploads\/2025\/08\/banner-como-chegar-300x125.webp 300w, https:\/\/salvadorboatshow.com.br\/wp-content\/uploads\/2025\/08\/banner-como-chegar-1024x428.webp 1024w, https:\/\/salvadorboatshow.com.br\/wp-content\/uploads\/2025\/08\/banner-como-chegar-768x321.webp 768w, https:\/\/salvadorboatshow.com.br\/wp-content\/uploads\/2025\/08\/banner-como-chegar-1536x642.webp 1536w\" sizes=\"(max-width: 1920px) 100vw, 1920px\" \/>\t\t\t\t\t\t\t\t\t\t\t\t\t\t\t<\/div>\n\t\t\t\t<\/div>\n\t\t\t\t<\/div>\n\t\t<div data-particle_enable=\"false\" data-particle-mobile-disabled=\"false\" class=\"elementor-element elementor-element-83e00b1 e-flex e-con-boxed wpr-particle-no wpr-jarallax-no wpr-parallax-no wpr-sticky-section-no e-con e-parent\" data-id=\"83e00b1\" data-element_type=\"container\" data-e-type=\"container\" data-settings=\"{&quot;background_background&quot;:&quot;classic&quot;}\">\n\t\t\t\t\t<div class=\"e-con-inner\">\n\t\t<div data-particle_enable=\"false\" data-particle-mobile-disabled=\"false\" class=\"elementor-element elementor-element-ba9c88c e-flex e-con-boxed wpr-particle-no wpr-jarallax-no wpr-parallax-no wpr-sticky-section-no e-con e-child\" data-id=\"ba9c88c\" data-element_type=\"container\" data-e-type=\"container\" data-settings=\"{&quot;background_background&quot;:&quot;classic&quot;}\">\n\t\t\t\t\t<div class=\"e-con-inner\">\n\t\t\t\t<div class=\"elementor-element elementor-element-f47ccc3 elementor-widget elementor-widget-heading\" data-id=\"f47ccc3\" data-element_type=\"widget\" data-e-type=\"widget\" data-widget_type=\"heading.default\">\n\t\t\t\t<div class=\"elementor-widget-container\">\n\t\t\t\t\t<h2 class=\"elementor-heading-title elementor-size-default\">Como Chegar<\/h2>\t\t\t\t<\/div>\n\t\t\t\t<\/div>\n\t\t\t\t<div class=\"elementor-element elementor-element-28a440a elementor-widget-divider--view-line elementor-widget elementor-widget-divider\" data-id=\"28a440a\" data-element_type=\"widget\" data-e-type=\"widget\" data-widget_type=\"divider.default\">\n\t\t\t\t<div class=\"elementor-widget-container\">\n\t\t\t\t\t\t\t<div class=\"elementor-divider\">\n\t\t\t<span class=\"elementor-divider-separator\">\n\t\t\t\t\t\t<\/span>\n\t\t<\/div>\n\t\t\t\t\t\t<\/div>\n\t\t\t\t<\/div>\n\t\t\t\t<div class=\"elementor-element elementor-element-004e45b elementor-widget elementor-widget-text-editor\" data-id=\"004e45b\" data-element_type=\"widget\" data-e-type=\"widget\" data-widget_type=\"text-editor.default\">\n\t\t\t\t<div class=\"elementor-widget-container\">\n\t\t\t\t\t\t\t\t\t<p>O Salvador Boat Show ocorrer\u00e1 na <b>Bahia Marina<\/b><br \/>Av. Lafayete Coutinho 1010, Salvador, BA, 40015-160.<\/p>\t\t\t\t\t\t\t\t<\/div>\n\t\t\t\t<\/div>\n\t\t\t\t<div class=\"elementor-element elementor-element-85b1ba1 elementor-widget elementor-widget-google_maps\" data-id=\"85b1ba1\" data-element_type=\"widget\" data-e-type=\"widget\" data-widget_type=\"google_maps.default\">\n\t\t\t\t<div class=\"elementor-widget-container\">\n\t\t\t\t\t\t\t<div class=\"elementor-custom-embed\">\n\t\t\t<iframe loading=\"lazy\"\n\t\t\t\t\tsrc=\"https:\/\/maps.google.com\/maps?q=Bahia%20Marina%20Av.%20Lafayete%20Coutinho%201010%2C%20Salvador%2C%20BA%2C%2040015-160&#038;t=m&#038;z=14&#038;output=embed&#038;iwloc=near\"\n\t\t\t\t\ttitle=\"Bahia Marina Av. Lafayete Coutinho 1010, Salvador, BA, 40015-160\"\n\t\t\t\t\taria-label=\"Bahia Marina Av. Lafayete Coutinho 1010, Salvador, BA, 40015-160\"\n\t\t\t><\/iframe>\n\t\t<\/div>\n\t\t\t\t\t\t<\/div>\n\t\t\t\t<\/div>\n\t\t\t\t\t<\/div>\n\t\t\t\t<\/div>\n\t\t\t\t\t<\/div>\n\t\t\t\t<\/div>\n\t\t\t\t<\/div>\n\t\t","protected":false},"excerpt":{"rendered":"<p>Como Chegar O Salvador Boat Show ocorrer\u00e1 na Bahia MarinaAv. Lafayete Coutinho 1010, Salvador, BA, 40015-160.<\/p>\n","protected":false},"author":10,"featured_media":0,"parent":0,"menu_order":0,"comment_status":"open","ping_status":"closed","template":"elementor_header_footer","meta":{"footnotes":""},"class_list":["post-192","page","type-page","status-publish","hentry"],"yoast_head":"<!-- This site is optimized with the Yoast SEO Premium plugin v27.1 (Yoast SEO v27.1.1) - https:\/\/yoast.com\/product\/yoast-seo-premium-wordpress\/ -->\n<title>Como chegar | Salvador Boat Show 2026<\/title>\n<meta name=\"robots\" content=\"index, follow, max-snippet:-1, max-image-preview:large, max-video-preview:-1\" \/>\n<link rel=\"canonical\" href=\"https:\/\/salvadorboatshow.com.br\/como-chegar\/\" \/>\n<meta property=\"og:locale\" content=\"pt_BR\" \/>\n<meta property=\"og:type\" content=\"article\" \/>\n<meta property=\"og:title\" content=\"Como chegar\" \/>\n<meta property=\"og:description\" content=\"Como Chegar O Salvador Boat Show ocorrer\u00e1 na Bahia MarinaAv. Lafayete Coutinho 1010, Salvador, BA, 40015-160.\" \/>\n<meta property=\"og:url\" content=\"https:\/\/salvadorboatshow.com.br\/como-chegar\/\" \/>\n<meta property=\"og:site_name\" content=\"Salvador Boat Show 2026\" \/>\n<meta property=\"article:modified_time\" content=\"2025-08-25T13:49:08+00:00\" \/>\n<meta property=\"og:image\" content=\"https:\/\/salvadorboatshow.com.br\/wp-content\/uploads\/2025\/08\/banner-como-chegar.webp\" \/>\n<meta name=\"twitter:card\" content=\"summary_large_image\" \/>\n<meta name=\"twitter:label1\" content=\"Est. reading time\" \/>\n\t<meta name=\"twitter:data1\" content=\"1 minuto\" \/>\n<script type=\"application\/ld+json\" class=\"yoast-schema-graph\">{\"@context\":\"https:\/\/schema.org\",\"@graph\":[{\"@type\":\"WebPage\",\"@id\":\"https:\/\/salvadorboatshow.com.br\/como-chegar\/\",\"url\":\"https:\/\/salvadorboatshow.com.br\/como-chegar\/\",\"name\":\"Como chegar | Salvador Boat Show 2026\",\"isPartOf\":{\"@id\":\"https:\/\/salvadorboatshow.com.br\/#website\"},\"primaryImageOfPage\":{\"@id\":\"https:\/\/salvadorboatshow.com.br\/como-chegar\/#primaryimage\"},\"image\":{\"@id\":\"https:\/\/salvadorboatshow.com.br\/como-chegar\/#primaryimage\"},\"thumbnailUrl\":\"https:\/\/salvadorboatshow.com.br\/wp-content\/uploads\/2025\/08\/banner-como-chegar.webp\",\"datePublished\":\"2024-02-02T12:33:08+00:00\",\"dateModified\":\"2025-08-25T13:49:08+00:00\",\"breadcrumb\":{\"@id\":\"https:\/\/salvadorboatshow.com.br\/como-chegar\/#breadcrumb\"},\"inLanguage\":\"pt-BR\",\"potentialAction\":[{\"@type\":\"ReadAction\",\"target\":[\"https:\/\/salvadorboatshow.com.br\/como-chegar\/\"]}]},{\"@type\":\"ImageObject\",\"inLanguage\":\"pt-BR\",\"@id\":\"https:\/\/salvadorboatshow.com.br\/como-chegar\/#primaryimage\",\"url\":\"https:\/\/salvadorboatshow.com.br\/wp-content\/uploads\/2025\/08\/banner-como-chegar.webp\",\"contentUrl\":\"https:\/\/salvadorboatshow.com.br\/wp-content\/uploads\/2025\/08\/banner-como-chegar.webp\",\"width\":1920,\"height\":803},{\"@type\":\"BreadcrumbList\",\"@id\":\"https:\/\/salvadorboatshow.com.br\/como-chegar\/#breadcrumb\",\"itemListElement\":[{\"@type\":\"ListItem\",\"position\":1,\"name\":\"In\u00edcio\",\"item\":\"https:\/\/salvadorboatshow.com.br\/\"},{\"@type\":\"ListItem\",\"position\":2,\"name\":\"Como chegar\"}]},{\"@type\":\"WebSite\",\"@id\":\"https:\/\/salvadorboatshow.com.br\/#website\",\"url\":\"https:\/\/salvadorboatshow.com.br\/\",\"name\":\"Salvador Boat Show 2026\",\"description\":\"De 05 a 08 de novembro, a Ba\u00eda de Todos os Santos se transformar\u00e1 no epicentro da vida n\u00e1utica do Nordeste, estamos chegando com a 3\u00aa edi\u00e7\u00e3o do Salvador Boat Show.\",\"publisher\":{\"@id\":\"https:\/\/salvadorboatshow.com.br\/#organization\"},\"potentialAction\":[{\"@type\":\"SearchAction\",\"target\":{\"@type\":\"EntryPoint\",\"urlTemplate\":\"https:\/\/salvadorboatshow.com.br\/?s={search_term_string}\"},\"query-input\":{\"@type\":\"PropertyValueSpecification\",\"valueRequired\":true,\"valueName\":\"search_term_string\"}}],\"inLanguage\":\"pt-BR\"},{\"@type\":\"Organization\",\"@id\":\"https:\/\/salvadorboatshow.com.br\/#organization\",\"name\":\"Salvador Boat Show 2026\",\"url\":\"https:\/\/salvadorboatshow.com.br\/\",\"logo\":{\"@type\":\"ImageObject\",\"inLanguage\":\"pt-BR\",\"@id\":\"https:\/\/salvadorboatshow.com.br\/#\/schema\/logo\/image\/\",\"url\":\"https:\/\/salvadorboatshow.com.br\/wp-content\/uploads\/2024\/01\/logo-sabs-2026-azul.png\",\"contentUrl\":\"https:\/\/salvadorboatshow.com.br\/wp-content\/uploads\/2024\/01\/logo-sabs-2026-azul.png\",\"width\":150,\"height\":210,\"caption\":\"Salvador Boat Show 2026\"},\"image\":{\"@id\":\"https:\/\/salvadorboatshow.com.br\/#\/schema\/logo\/image\/\"},\"publishingPrinciples\":\"https:\/\/salvadorboatshow.com.br\/o-evento\/\",\"actionableFeedbackPolicy\":\"https:\/\/salvadorboatshow.com.br\/politica-de-privacidade\/\"}]}<\/script>\n<!-- \/ Yoast SEO Premium plugin. -->","yoast_head_json":{"title":"Como chegar | Salvador Boat Show 2026","robots":{"index":"index","follow":"follow","max-snippet":"max-snippet:-1","max-image-preview":"max-image-preview:large","max-video-preview":"max-video-preview:-1"},"canonical":"https:\/\/salvadorboatshow.com.br\/como-chegar\/","og_locale":"pt_BR","og_type":"article","og_title":"Como chegar","og_description":"Como Chegar O Salvador Boat Show ocorrer\u00e1 na Bahia MarinaAv. Lafayete Coutinho 1010, Salvador, BA, 40015-160.","og_url":"https:\/\/salvadorboatshow.com.br\/como-chegar\/","og_site_name":"Salvador Boat Show 2026","article_modified_time":"2025-08-25T13:49:08+00:00","og_image":[{"url":"https:\/\/salvadorboatshow.com.br\/wp-content\/uploads\/2025\/08\/banner-como-chegar.webp","type":"","width":"","height":""}],"twitter_card":"summary_large_image","twitter_misc":{"Est. reading time":"1 minuto"},"schema":{"@context":"https:\/\/schema.org","@graph":[{"@type":"WebPage","@id":"https:\/\/salvadorboatshow.com.br\/como-chegar\/","url":"https:\/\/salvadorboatshow.com.br\/como-chegar\/","name":"Como chegar | Salvador Boat Show 2026","isPartOf":{"@id":"https:\/\/salvadorboatshow.com.br\/#website"},"primaryImageOfPage":{"@id":"https:\/\/salvadorboatshow.com.br\/como-chegar\/#primaryimage"},"image":{"@id":"https:\/\/salvadorboatshow.com.br\/como-chegar\/#primaryimage"},"thumbnailUrl":"https:\/\/salvadorboatshow.com.br\/wp-content\/uploads\/2025\/08\/banner-como-chegar.webp","datePublished":"2024-02-02T12:33:08+00:00","dateModified":"2025-08-25T13:49:08+00:00","breadcrumb":{"@id":"https:\/\/salvadorboatshow.com.br\/como-chegar\/#breadcrumb"},"inLanguage":"pt-BR","potentialAction":[{"@type":"ReadAction","target":["https:\/\/salvadorboatshow.com.br\/como-chegar\/"]}]},{"@type":"ImageObject","inLanguage":"pt-BR","@id":"https:\/\/salvadorboatshow.com.br\/como-chegar\/#primaryimage","url":"https:\/\/salvadorboatshow.com.br\/wp-content\/uploads\/2025\/08\/banner-como-chegar.webp","contentUrl":"https:\/\/salvadorboatshow.com.br\/wp-content\/uploads\/2025\/08\/banner-como-chegar.webp","width":1920,"height":803},{"@type":"BreadcrumbList","@id":"https:\/\/salvadorboatshow.com.br\/como-chegar\/#breadcrumb","itemListElement":[{"@type":"ListItem","position":1,"name":"In\u00edcio","item":"https:\/\/salvadorboatshow.com.br\/"},{"@type":"ListItem","position":2,"name":"Como chegar"}]},{"@type":"WebSite","@id":"https:\/\/salvadorboatshow.com.br\/#website","url":"https:\/\/salvadorboatshow.com.br\/","name":"Salvador Boat Show 2026","description":"De 05 a 08 de novembro, a Ba\u00eda de Todos os Santos se transformar\u00e1 no epicentro da vida n\u00e1utica do Nordeste, estamos chegando com a 3\u00aa edi\u00e7\u00e3o do Salvador Boat Show.","publisher":{"@id":"https:\/\/salvadorboatshow.com.br\/#organization"},"potentialAction":[{"@type":"SearchAction","target":{"@type":"EntryPoint","urlTemplate":"https:\/\/salvadorboatshow.com.br\/?s={search_term_string}"},"query-input":{"@type":"PropertyValueSpecification","valueRequired":true,"valueName":"search_term_string"}}],"inLanguage":"pt-BR"},{"@type":"Organization","@id":"https:\/\/salvadorboatshow.com.br\/#organization","name":"Salvador Boat Show 2026","url":"https:\/\/salvadorboatshow.com.br\/","logo":{"@type":"ImageObject","inLanguage":"pt-BR","@id":"https:\/\/salvadorboatshow.com.br\/#\/schema\/logo\/image\/","url":"https:\/\/salvadorboatshow.com.br\/wp-content\/uploads\/2024\/01\/logo-sabs-2026-azul.png","contentUrl":"https:\/\/salvadorboatshow.com.br\/wp-content\/uploads\/2024\/01\/logo-sabs-2026-azul.png","width":150,"height":210,"caption":"Salvador Boat Show 2026"},"image":{"@id":"https:\/\/salvadorboatshow.com.br\/#\/schema\/logo\/image\/"},"publishingPrinciples":"https:\/\/salvadorboatshow.com.br\/o-evento\/","actionableFeedbackPolicy":"https:\/\/salvadorboatshow.com.br\/politica-de-privacidade\/"}]}},"_links":{"self":[{"href":"https:\/\/salvadorboatshow.com.br\/wp-json\/wp\/v2\/pages\/192","targetHints":{"allow":["GET"]}}],"collection":[{"href":"https:\/\/salvadorboatshow.com.br\/wp-json\/wp\/v2\/pages"}],"about":[{"href":"https:\/\/salvadorboatshow.com.br\/wp-json\/wp\/v2\/types\/page"}],"author":[{"embeddable":true,"href":"https:\/\/salvadorboatshow.com.br\/wp-json\/wp\/v2\/users\/10"}],"replies":[{"embeddable":true,"href":"https:\/\/salvadorboatshow.com.br\/wp-json\/wp\/v2\/comments?post=192"}],"version-history":[{"count":0,"href":"https:\/\/salvadorboatshow.com.br\/wp-json\/wp\/v2\/pages\/192\/revisions"}],"wp:attachment":[{"href":"https:\/\/salvadorboatshow.com.br\/wp-json\/wp\/v2\/media?parent=192"}],"curies":[{"name":"wp","href":"https:\/\/api.w.org\/{rel}","templated":true}]}}